{"id":18590,"date":"2023-03-15T15:00:02","date_gmt":"2023-03-15T14:00:02","guid":{"rendered":"https:\/\/infralab.be\/home\/"},"modified":"2024-02-09T11:41:53","modified_gmt":"2024-02-09T10:41:53","slug":"home","status":"publish","type":"page","link":"https:\/\/infralab.be\/de\/","title":{"rendered":"Infralab BV"},"content":{"rendered":"<div class=\"mp-row-fluid motopress-row mpce-dsbl-margin-left mpce-dsbl-margin-right\">\n<div class=\"motopress-clmn mp-span2  mpce-dsbl-margin-left mpce-dsbl-margin-right  motopress-empty mp-hidden-phone\">\n<\/div>\n<div class=\"motopress-clmn mp-span8  mpce-dsbl-margin-left mpce-dsbl-margin-right\">\n<div class=\"motopress-text-obj\">\n<h3 style=\"text-align: center;\">ERFAHRUNG IM KALIBRIERUNG<\/h3>\n<p style=\"text-align: center;\"><span style=\"color: #585858; font-family: Arial, sans-serif;\"><b>Mehr dann 10 Jahr erfahrung mit der Kalibrierung von Anaysensieben<\/b><\/span><\/p>\n<p style=\"text-align: center;\"><span style=\"color: #585858; font-family: Arial, sans-serif;\">Infralab BV wurde gegr\u00fcndet am 08.12.2015 mit dem Ziel, die Kalibrierung der Schwestergesellschaft Interlab BV zu \u00fcbernehmen. Diese Kalibrierung Aktivit\u00e4ten umfassen Kalibrierung Analysensieben und verwandten Produkten.<\/span><\/p>\n<p style=\"text-align: center;\"><span style=\"color: #585858; font-family: Arial, sans-serif;\">Infralab BV ist seit 12-01-2017 ein akkreditiertes Kalibrierlabor gem\u00e4\u00df NEN-EN-ISO\/IEC 17025 fur die Kalibrierung von Analysensiebe gem\u00e4\u00df ISO 3310-1 und ISO 3310-2.<\/span><\/p>\n<\/div>\n<\/div>\n<div class=\"motopress-clmn mp-span2  mpce-dsbl-margin-left mpce-dsbl-margin-right  motopress-empty mp-hidden-phone\">\n<\/div>\n<\/div>\n<div class=\"mp-row-fluid motopress-row mpce-dsbl-margin-left mpce-dsbl-margin-right motopress-margin-top-25 motopress-margin-bottom-25\">\n<div class=\"motopress-clmn mp-span12  mpce-dsbl-margin-left mpce-dsbl-margin-right\">\n<div class=\"mp-row-fluid motopress-row mpce-dsbl-margin-left mpce-dsbl-margin-right\">\n<div class=\"motopress-clmn mp-span12 mpce-dsbl-margin-left mpce-dsbl-margin-right\">\n<div class=\"motopress-text-obj\">\n<h2 style=\"text-align: center;\">KALIBRIERUNG UND RE-KALIBRIERUNG VON ANALYSENSIEBEN<\/h2>\n<\/div>\n<\/div>\n<\/div>\n<\/div>\n<\/div>\n<div class=\"mp-row-fluid motopress-row mpce-dsbl-margin-left mpce-dsbl-margin-right\">\n<div class=\"motopress-clmn mp-span12  mpce-dsbl-margin-left mpce-dsbl-margin-right\">\n<div class=\"mp-row-fluid motopress-row mpce-dsbl-margin-left mpce-dsbl-margin-right\">\n<div class=\"motopress-clmn mp-span12 mpce-dsbl-margin-left mpce-dsbl-margin-right\">\n<div class=\"motopress-image-slider-obj motopress-flexslider mp-flexslider-obj flexslider\"data-atts=\"{&quot;slideshow&quot;:true,&quot;animation&quot;:&quot;fade&quot;,&quot;controlNav&quot;:true,&quot;slideshowSpeed&quot;:5000,&quot;animationSpeed&quot;:600,&quot;smoothHeight&quot;:false,&quot;keyboard&quot;:true}\"><ul class=\"slides\"><li><img decoding=\"async\" src=\"https:\/\/infralab.be\/wp-content\/uploads\/2022\/02\/slider-zeefgaas-63\u03bcm-schoon-DE.jpg\" title=\"slider-zeefgaas-63\u03bcm-schoon-DE\" alt=\"slider-zeefgaas-63\u03bcm-schoon-DE\" \/><\/li><li><img decoding=\"async\" src=\"https:\/\/infralab.be\/wp-content\/uploads\/2022\/02\/slider-zeefgaas-63\u03bcm-vervuild-DE.jpg\" title=\"slider-zeefgaas-63\u03bcm-vervuild-DE\" alt=\"slider-zeefgaas-63\u03bcm-vervuild-DE\" \/><\/li><li><img decoding=\"async\" src=\"https:\/\/infralab.be\/wp-content\/uploads\/2022\/02\/slider-zeefgaas-63\u03bcm-met-zandkorrels-DE.jpg\" title=\"slider-zeefgaas-63\u03bcm-met-zandkorrels-DE\" alt=\"slider-zeefgaas-63\u03bcm-met-zandkorrels-DE\" \/><\/li><\/ul><\/div>\n<\/div>\n<\/div>\n<\/div>\n<\/div>\n<div class=\"mp-row-fluid motopress-row mpce-dsbl-margin-left mpce-dsbl-margin-right\">\n<div class=\"motopress-clmn mp-span12  mpce-dsbl-margin-left mpce-dsbl-margin-right  motopress-space motopress-margin-top-0 motopress-margin-bottom-0\">\n<div class=\"motopress-space-obj mpce-dsbl-background-image-type mpce-dsbl-background-image mpce-dsbl-background-gradient mpce-dsbl-background-position mpce-dsbl-background-position-x mpce-dsbl-background-position-y mpce-dsbl-background-repeat mpce-dsbl-background-size mpce-dsbl-background-attachment mpce-dsbl-margin-left mpce-dsbl-margin-right mpce-dsbl-background-color mpce-dsbl-border-top-width mpce-dsbl-border-bottom-width mpce-dsbl-border-left-width mpce-dsbl-border-right-width mpce-dsbl-border-top-left-radius mpce-dsbl-border-top-right-radius mpce-dsbl-border-bottom-left-radius mpce-dsbl-border-bottom-right-radius mpce-dsbl-border-style mpce-dsbl-border-color mpce-dsbl-padding-left mpce-dsbl-padding-right mpce-dsbl-margin-top mpce-dsbl-margin-bottom mpce-dsbl-color motopress-space-dotted motopress-margin-top-25\"  data-min-height=\"0\"><div><\/div><\/div>\n<\/div>\n<\/div>\n<div class=\"mp-row-fluid motopress-row mpce-dsbl-margin-left mpce-dsbl-margin-right\">\n<div class=\"motopress-clmn mp-span12  mpce-dsbl-margin-left mpce-dsbl-margin-right\">\n<div class=\"motopress-text-obj\">\n<h2 style=\"text-align: center;\">UNSERE SERVICE<\/h2>\n<\/div>\n<\/div>\n<\/div>\n<div class=\"mp-row-fluid motopress-row mpce-dsbl-margin-left mpce-dsbl-margin-right\">\n<div class=\"motopress-clmn mp-span2  mpce-dsbl-margin-left mpce-dsbl-margin-right\">\n<div class=\"mp-row-fluid motopress-row mpce-dsbl-margin-left mpce-dsbl-margin-right\">\n<div class=\"motopress-clmn mp-span12 mpce-dsbl-margin-left mpce-dsbl-margin-right  motopress-empty mp-hidden-phone\">\n<\/div>\n<\/div>\n<\/div>\n<div class=\"motopress-clmn mp-span2  mpce-dsbl-margin-left mpce-dsbl-margin-right\">\n<div class=\"motopress-image-obj motopress-text-align-left\"><img decoding=\"async\" src=\"https:\/\/infralab.be\/wp-content\/uploads\/2022\/02\/Kalibratie-draadzeven.png\" title=\"Kalibratie-draadzeven\" alt=\"Kalibratie-draadzeven\" class=\"motopress-image-obj-basic mpce-dsbl-margin-left mpce-dsbl-margin-right mpce-dsbl-margin-top mpce-dsbl-margin-bottom\" \/><\/div>\n<\/div>\n<div class=\"motopress-clmn mp-span6  mpce-dsbl-margin-left mpce-dsbl-margin-right\">\n<div class=\"motopress-code-obj\">\n<h3>Kalibrierung Analysensieben Metalldrahtgeweben gem\u00e4\u00df ISO3310-1<\/h3>\n<p>Kalibrierung von Drahtsieben nach ISO3310-1. Die Kalibrierung der Maschenweite erfolgt stichprobenartig \u00fcber das zu kalibrierende Siebdeck.<\/p>\n<\/div>\n<\/div>\n<div class=\"motopress-clmn mp-span2  mpce-dsbl-margin-left mpce-dsbl-margin-right  motopress-empty mp-hidden-phone\">\n<\/div>\n<\/div>\n<div class=\"mp-row-fluid motopress-row mpce-dsbl-margin-left mpce-dsbl-margin-right\">\n<div class=\"motopress-clmn mp-span2  mpce-dsbl-margin-left mpce-dsbl-margin-right  motopress-empty mp-hidden-phone\">\n<\/div>\n<div class=\"motopress-clmn mp-span2  mpce-dsbl-margin-left mpce-dsbl-margin-right\">\n<div class=\"motopress-image-obj motopress-text-align-left\"><img decoding=\"async\" src=\"https:\/\/infralab.be\/wp-content\/uploads\/2022\/02\/Kalibratie-plaatzeven.png\" title=\"Kalibratie-plaatzeven\" alt=\"Kalibratie-plaatzeven\" class=\"motopress-image-obj-basic mpce-dsbl-margin-left mpce-dsbl-margin-right mpce-dsbl-margin-top mpce-dsbl-margin-bottom\" \/><\/div>\n<\/div>\n<div class=\"motopress-clmn mp-span6  mpce-dsbl-margin-left mpce-dsbl-margin-right\">\n<div class=\"motopress-code-obj\">\n<h3>Kalibrierung Analysensieben Quadratlochblech gem\u00e4\u00df ISO3310-2<\/h3>\n<p>Kalibrierung von Plattensieben nach ISO3310-2.<\/p>\n<\/div>\n<\/div>\n<div class=\"motopress-clmn mp-span2  mpce-dsbl-margin-left mpce-dsbl-margin-right  motopress-empty mp-hidden-phone\">\n<\/div>\n<\/div>\n<div class=\"mp-row-fluid motopress-row mpce-dsbl-margin-left mpce-dsbl-margin-right\">\n<div class=\"motopress-clmn mp-span2  mpce-dsbl-margin-left mpce-dsbl-margin-right  motopress-empty mp-hidden-phone\">\n<\/div>\n<div class=\"motopress-clmn mp-span2  mpce-dsbl-margin-left mpce-dsbl-margin-right\">\n<div class=\"motopress-image-obj motopress-text-align-left\"><img decoding=\"async\" src=\"https:\/\/infralab.be\/wp-content\/uploads\/2022\/02\/reiniging-draadzeven.png\" title=\"reiniging-draadzeven\" alt=\"reiniging-draadzeven\" class=\"motopress-image-obj-basic mpce-dsbl-margin-left mpce-dsbl-margin-right mpce-dsbl-margin-top mpce-dsbl-margin-bottom\" \/><\/div>\n<\/div>\n<div class=\"motopress-clmn mp-span6  mpce-dsbl-margin-left mpce-dsbl-margin-right\">\n<div class=\"motopress-code-obj\">\n<h3>Reinigungsservice Analysensiebe mit Drahtgewebe mit Ultraschall-Reinigungsger\u00e4t<\/h3>\n<p>Optional: Reinigungsservice<\/p>\n<p>Wenn das feinmaschigen Siebgewebe f\u00fcr Kalibrierung zu verschmutzt ist, wird versucht das feinmaschigen Siebgewebe in ein Ultraschallbad zu reinigen.\u00a0Auf das Kalibrierungszertifikat wird dann angegeben; Kalibrierergebnisse nach Reinigung Sieb.<\/p>\n<\/div>\n<\/div>\n<div class=\"motopress-clmn mp-span2  mpce-dsbl-margin-left mpce-dsbl-margin-right  motopress-empty mp-hidden-phone\">\n<\/div>\n<\/div>\n","protected":false},"excerpt":{"rendered":"ERFAHRUNG IM KALIBRIERUNG Mehr dann 10 Jahr erfahrung mit der Kalibrierung von Anaysensieben Infralab BV wurde gegr\u00fcndet am 08.12.2015 mit dem Ziel, die Kalibrierung der Schwestergesellschaft Interlab BV zu \u00fcbernehmen. Diese Kalibrierung Aktivit\u00e4ten umfassen Kalibrierung Analysensieben und verwandten Produkten. Infralab BV ist seit 12-01-2017 ein akkreditiertes Kalibrierlabor gem\u00e4\u00df NEN-EN-ISO\/IEC 17025 fur die Kalibrierung von Analysensiebe [&hellip;]","protected":false},"author":1586,"featured_media":0,"parent":0,"menu_order":0,"comment_status":"closed","ping_status":"closed","template":"","meta":{"footnotes":""},"class_list":["post-18590","page","type-page","status-publish","hentry"],"_links":{"self":[{"href":"https:\/\/infralab.be\/de\/wp-json\/wp\/v2\/pages\/18590","targetHints":{"allow":["GET"]}}],"collection":[{"href":"https:\/\/infralab.be\/de\/wp-json\/wp\/v2\/pages"}],"about":[{"href":"https:\/\/infralab.be\/de\/wp-json\/wp\/v2\/types\/page"}],"author":[{"embeddable":true,"href":"https:\/\/infralab.be\/de\/wp-json\/wp\/v2\/users\/1586"}],"replies":[{"embeddable":true,"href":"https:\/\/infralab.be\/de\/wp-json\/wp\/v2\/comments?post=18590"}],"version-history":[{"count":2,"href":"https:\/\/infralab.be\/de\/wp-json\/wp\/v2\/pages\/18590\/revisions"}],"predecessor-version":[{"id":18602,"href":"https:\/\/infralab.be\/de\/wp-json\/wp\/v2\/pages\/18590\/revisions\/18602"}],"wp:attachment":[{"href":"https:\/\/infralab.be\/de\/wp-json\/wp\/v2\/media?parent=18590"}],"curies":[{"name":"wp","href":"https:\/\/api.w.org\/{rel}","templated":true}]}}